{"id":1162,"date":"2026-02-11T21:32:50","date_gmt":"2026-02-11T20:32:50","guid":{"rendered":"https:\/\/www.panorama-tourisme.fr\/?post_type=product&#038;p=1162"},"modified":"2026-02-20T11:27:32","modified_gmt":"2026-02-20T10:27:32","slug":"voyage-srilanka","status":"publish","type":"product","link":"https:\/\/www.panorama-tourisme.fr\/index.php\/produit\/voyage-srilanka\/","title":{"rendered":"Sri Lanka circuit Bouddhiste et Spirituel du 17\/04 au 30\/04"},"content":{"rendered":"<p style=\"text-align: left;\"><strong>SRI LANKA<br \/>\nCircuit Bouddhiste et Spirituel<br \/>\n17 avril au 30\/04\/2026 &#8211; 15 jours 14 nuits.<br \/>\n<\/strong><br \/>\n<strong>Etapes :<\/strong><\/p>\n<table style=\"height: 384px; width: 60%; border-collapse: collapse;\" border=\"1\" cellpadding=\"0\">\n<tbody>\n<tr style=\"height: 24px;\">\n<td style=\"width: 2.11707%; text-align: center; height: 24px;\"><strong>Jour<\/strong><\/td>\n<td style=\"width: 1.10325%; text-align: center; height: 24px;\"><strong>Date<\/strong><\/td>\n<td style=\"width: 85.0125%; text-align: center; height: 24px;\"><strong>Itin\u00e9raire<\/strong><\/td>\n<\/tr>\n<tr style=\"height: 24px;\">\n<td style=\"padding-left: 5px; width: 2.11707%; height: 24px;\">J 1<\/td>\n<td style=\"padding-left: 5px; width: 1.10325%; height: 24px;\">17\/04<\/td>\n<td style=\"padding-left: 5px; width: 85.0125%; height: 24px;\">A\u00e9roport Colombo \u2013 Yapahuwa<\/td>\n<\/tr>\n<tr style=\"height: 10px;\">\n<td style=\"padding-left: 5px; width: 2.11707%; height: 24px;\">J 2<\/td>\n<td style=\"padding-left: 5px; width: 1.10325%; height: 24px;\">18\/04<\/td>\n<td style=\"padding-left: 5px; width: 85.0125%; height: 24px;\">Yapahuwa &#8211; Arankele \u2013 Yapahuwa<\/td>\n<\/tr>\n<tr style=\"height: 10px;\">\n<td style=\"padding-left: 5px; width: 2.11707%; height: 24px;\">J 3<\/td>\n<td style=\"padding-left: 5px; width: 1.10325%; height: 24px;\">19\/04<\/td>\n<td style=\"padding-left: 5px; width: 85.0125%; height: 24px;\">Yapahuwa &#8211; Aykana \u2013 Habarana<\/td>\n<\/tr>\n<tr style=\"padding-left: 5px;\">\n<td style=\"padding-left: 5px; width: 2.11707%; height: 24px;\">J 4<\/td>\n<td style=\"padding-left: 5px; width: 1.10325%; height: 24px;\">20\/04<\/td>\n<td style=\"padding-left: 5px; width: 85.0125%; height: 24px;\">Habarana &#8211; Sigiriya, Pidurangala \u2013 Habarana<\/td>\n<\/tr>\n<tr style=\"height: 24px;\">\n<td style=\"padding-left: 5px; width: 2.11707%; height: 24px;\">J 5<\/td>\n<td style=\"padding-left: 5px; width: 1.10325%; height: 24px;\">21\/04<\/td>\n<td style=\"padding-left: 5px; width: 85.0125%; height: 24px;\">Habarana &#8211; Thanthirimale \u2013 Anuradhapura<\/td>\n<\/tr>\n<tr style=\"height: 24px;\">\n<td style=\"padding-left: 5px; width: 2.11707%; height: 24px;\">J 6<\/td>\n<td style=\"padding-left: 5px; width: 1.10325%; height: 24px;\">22\/04<\/td>\n<td style=\"padding-left: 5px; width: 85.0125%; height: 24px;\">Anuradhapura \u2013 Trincomale<\/td>\n<\/tr>\n<tr style=\"height: 24px;\">\n<td style=\"padding-left: 5px; width: 2.11707%; height: 24px;\">J 7<\/td>\n<td style=\"padding-left: 5px; width: 1.10325%; height: 24px;\">23\/04<\/td>\n<td style=\"padding-left: 5px; width: 85.0125%; height: 24px;\">Trincomalee<\/td>\n<\/tr>\n<tr style=\"padding-left: 5px;\">\n<td style=\"padding-left: 5px; width: 2.11707%; height: 24px;\">J 8<\/td>\n<td style=\"padding-left: 5px; width: 1.10325%; height: 24px;\">24\/04<\/td>\n<td style=\"padding-left: 5px; width: 85.0125%; height: 24px;\">Trincomalee &#8211; Kandy<\/td>\n<\/tr>\n<tr style=\"height: 24px;\">\n<td style=\"padding-left: 5px; width: 2.11707%; height: 24px;\">J 9<\/td>\n<td style=\"padding-left: 5px; width: 1.10325%; height: 24px;\">25\/04<\/td>\n<td style=\"padding-left: 5px; width: 85.0125%; height: 24px;\">Kandy &#8211; Pinawella &#8211; Pic &lsquo;Adam<\/td>\n<\/tr>\n<tr style=\"height: 24px;\">\n<td style=\"padding-left: 5px; width: 2.11707%; height: 24px;\">J 10<\/td>\n<td style=\"padding-left: 5px; width: 1.10325%; height: 24px;\">26\/04<\/td>\n<td style=\"padding-left: 5px; width: 85.0125%; height: 24px;\">Adams Peak &#8211; Ella<\/td>\n<\/tr>\n<tr style=\"height: 24px;\">\n<td style=\"padding-left: 5px; width: 2.11707%; height: 24px;\">J 11<\/td>\n<td style=\"padding-left: 5px; width: 1.10325%; height: 24px;\">26\/04<\/td>\n<td style=\"padding-left: 5px; width: 85.0125%; height: 24px;\">Ella &#8211; Grotte de Ravana &#8211; Yalla<\/td>\n<\/tr>\n<tr style=\"height: 24px;\">\n<td style=\"padding-left: 5px; width: 2.11707%; height: 24px;\">J 12<\/td>\n<td style=\"padding-left: 5px; width: 1.10325%; height: 24px;\">27\/04<\/td>\n<td style=\"padding-left: 5px; width: 85.0125%; height: 24px;\">Yalla &#8211; Galle<\/td>\n<\/tr>\n<tr style=\"height: 24px;\">\n<td style=\"padding-left: 5px; width: 2.11707%; height: 24px;\">J 13<\/td>\n<td style=\"padding-left: 5px; width: 1.10325%; height: 24px;\">28\/04<\/td>\n<td style=\"padding-left: 5px; width: 85.0125%; height: 24px;\">Galle &#8211; Negombo<\/td>\n<\/tr>\n<tr style=\"height: 24px;\">\n<td style=\"padding-left: 5px; width: 2.11707%; height: 24px;\">J 14<\/td>\n<td style=\"padding-left: 5px; width: 1.10325%; height: 24px;\">29\/04<\/td>\n<td style=\"padding-left: 5px; width: 85.0125%; height: 24px;\">Negombo<\/td>\n<\/tr>\n<tr style=\"height: 24px;\">\n<td style=\"padding-left: 5px; width: 2.11707%; height: 24px;\">J 15<\/td>\n<td style=\"padding-left: 5px; width: 1.10325%; height: 24px;\">30\/04<\/td>\n<td style=\"padding-left: 5px; width: 85.0125%; height: 24px;\">Colombo &#8211; A\u00e9roport Colombo<\/td>\n<\/tr>\n<\/tbody>\n<\/table>\n<p>Merci de cliquer sur les liens suivants Pour consulter :<br \/>\n<span style=\"color: #0000ff;\"><a style=\"color: #0000ff;\" href=\"https:\/\/www.panorama-tourisme.fr\/wp-content\/uploads\/2026\/02\/programme-sri-lanka-2026.pdf\" target=\"_blank\" rel=\"noopener\">Le programme d\u00e9taill\u00e9<\/a><\/span><br \/>\n<span style=\"color: #0000ff;\"><a style=\"color: #0000ff;\" href=\"https:\/\/www.panorama-tourisme.fr\/index.php\/conditions-generales-et-particulieres-des-ventes\/\" target=\"_blank\" rel=\"noopener\">Nos conditions g\u00e9n\u00e9rales et particuli\u00e8res de voyages<\/a><\/span><br \/>\n<span style=\"color: #0000ff;\"><a style=\"color: #0000ff;\" href=\"https:\/\/public.assurever.com\/document\/cgs\/FR\/202504PQ1.pdf\">Conditions de l&rsquo;Assurance Privil\u00e8ges Vacances<\/a><\/span><\/p>\n","protected":false},"excerpt":{"rendered":"<p>SRI LANKA Circuit Bouddhiste et Spirituel 17 avril au 30\/04\/2026 &#8211; 15 jours 14 nuits. Etapes : Jour Date Itin\u00e9raire J 1 17\/04 A\u00e9roport Colombo \u2013 Yapahuwa J 2 18\/04 Yapahuwa &#8211; Arankele \u2013 Yapahuwa J 3 19\/04 Yapahuwa &#8211; Aykana \u2013 Habarana J 4 20\/04 Habarana &#8211; Sigiriya, Pidurangala \u2013 Habarana J 5 21\/04 [&hellip;]<\/p>\n","protected":false},"featured_media":1165,"template":"","meta":{"_themeisle_gutenberg_block_has_review":false},"product_brand":[],"product_cat":[85],"product_tag":[],"class_list":{"0":"post-1162","1":"product","2":"type-product","3":"status-publish","4":"has-post-thumbnail","6":"product_cat-sri-lanka","8":"first","9":"instock","10":"virtual","11":"purchasable","12":"product-type-simple"},"jetpack_sharing_enabled":true,"_links":{"self":[{"href":"https:\/\/www.panorama-tourisme.fr\/index.php\/wp-json\/wp\/v2\/product\/1162","targetHints":{"allow":["GET"]}}],"collection":[{"href":"https:\/\/www.panorama-tourisme.fr\/index.php\/wp-json\/wp\/v2\/product"}],"about":[{"href":"https:\/\/www.panorama-tourisme.fr\/index.php\/wp-json\/wp\/v2\/types\/product"}],"wp:featuredmedia":[{"embeddable":true,"href":"https:\/\/www.panorama-tourisme.fr\/index.php\/wp-json\/wp\/v2\/media\/1165"}],"wp:attachment":[{"href":"https:\/\/www.panorama-tourisme.fr\/index.php\/wp-json\/wp\/v2\/media?parent=1162"}],"wp:term":[{"taxonomy":"product_brand","embeddable":true,"href":"https:\/\/www.panorama-tourisme.fr\/index.php\/wp-json\/wp\/v2\/product_brand?post=1162"},{"taxonomy":"product_cat","embeddable":true,"href":"https:\/\/www.panorama-tourisme.fr\/index.php\/wp-json\/wp\/v2\/product_cat?post=1162"},{"taxonomy":"product_tag","embeddable":true,"href":"https:\/\/www.panorama-tourisme.fr\/index.php\/wp-json\/wp\/v2\/product_tag?post=1162"}],"curies":[{"name":"wp","href":"https:\/\/api.w.org\/{rel}","templated":true}]}}