{"id":1127,"date":"2026-02-03T09:33:53","date_gmt":"2026-02-03T08:33:53","guid":{"rendered":"https:\/\/www.panorama-tourisme.fr\/?post_type=product&#038;p=1127"},"modified":"2026-03-05T08:46:50","modified_gmt":"2026-03-05T07:46:50","slug":"voyage-initiatique-mexique-ancestral","status":"publish","type":"product","link":"https:\/\/www.panorama-tourisme.fr\/index.php\/produit\/voyage-initiatique-mexique-ancestral\/","title":{"rendered":"Voyage Initiatique Mexique Ancestral du 26\/07 au 06\/08"},"content":{"rendered":"<p style=\"text-align: left;\"><strong>Voyage Initiatique Mexique Ancestral en compagnie de Joseph Aguilar-Dumont.<br \/>\nDu 26\/07 au 06\/08 &#8211; 12 jours 11 nuits.<\/strong><br \/>\n<strong>Etapes :<\/strong><\/p>\n<table style=\"height: 284px; width: 70%; border-collapse: collapse;\" border=\"1\" cellpadding=\"0\">\n<tbody>\n<tr style=\"height: 24px;\">\n<td style=\"width: 2.11707%; text-align: center; height: 24px;\"><strong>Jour<\/strong><\/td>\n<td style=\"width: 1.10325%; text-align: center; height: 24px;\"><strong>Date<\/strong><\/td>\n<td style=\"width: 85.0125%; text-align: center; height: 24px;\"><strong>Itin\u00e9raire<\/strong><\/td>\n<\/tr>\n<tr style=\"height: 24px;\">\n<td style=\"padding-left: 5px; width: 2.11707%;\">J 1<\/td>\n<td style=\"padding-left: 5px; width: 1.10325%;\">26\/07<\/td>\n<td style=\"padding-left: 5px; width: 85.0125%;\">RENDEZ VOUS A TULUM<\/td>\n<\/tr>\n<tr style=\"height: 10px;\">\n<td style=\"padding-left: 5px; width: 2.11707%;\">J 2<\/td>\n<td style=\"padding-left: 5px; width: 1.10325%;\">27\/07<\/td>\n<td style=\"padding-left: 5px; width: 85.0125%;\">TULUM RITUEL ET BAIGNADE<\/td>\n<\/tr>\n<tr style=\"height: 10px;\">\n<td style=\"padding-left: 5px; width: 2.11707%;\">J 3<\/td>\n<td style=\"padding-left: 5px; width: 1.10325%;\">28\/07<\/td>\n<td style=\"padding-left: 5px; width: 85.0125%; height: 10px;\">JOURNEE PRATIQUES TRANSPERSONNELLES<\/td>\n<\/tr>\n<tr style=\"padding-left: 5px;\">\n<td style=\"padding-left: 5px; width: 2.11707%;\">J 4<\/td>\n<td style=\"padding-left: 5px; width: 1.10325%;\">29\/07<\/td>\n<td style=\"padding-left: 5px; width: 85.0125%;\">JOURNEE TEMAZCAL ET SOBADAS MAYAS<\/td>\n<\/tr>\n<tr style=\"height: 24px;\">\n<td style=\"padding-left: 5px; width: 2.11707%;\">J 5<\/td>\n<td style=\"padding-left: 5px; width: 1.10325%;\">30\/07<\/td>\n<td style=\"padding-left: 5px; width: 85.0125%;\">EXCURSION TULUM<\/td>\n<\/tr>\n<tr style=\"height: 24px;\">\n<td style=\"padding-left: 5px; width: 2.11707%;\">J 6<\/td>\n<td style=\"padding-left: 5px; width: 1.10325%;\">31\/07<\/td>\n<td style=\"padding-left: 5px; width: 85.0125%;\">TULUM<\/td>\n<\/tr>\n<tr style=\"height: 24px;\">\n<td style=\"padding-left: 5px; width: 2.11707%;\">J 7<\/td>\n<td style=\"padding-left: 5px; width: 1.10325%;\">01\/08<\/td>\n<td style=\"padding-left: 5px; width: 85.0125%;\">TULUM \/ AEROPORT DE CANCUN \/ VOL POUR VILLAHERMOSA \/ PALENQUE<\/td>\n<\/tr>\n<tr style=\"padding-left: 5px;\">\n<td style=\"padding-left: 5px; width: 2.11707%;\">J 8<\/td>\n<td style=\"padding-left: 5px; width: 1.10325%;\">02\/08<\/td>\n<td style=\"padding-left: 5px; width: 85.0125%;\">PALENQUE \/ RUINES VIERGES<\/td>\n<\/tr>\n<tr style=\"height: 24px;\">\n<td style=\"padding-left: 5px; width: 2.11707%;\">J 9<\/td>\n<td style=\"padding-left: 5px; width: 1.10325%;\">03\/08<\/td>\n<td style=\"padding-left: 5px; width: 85.0125%;\">SITE DE PALENQUE \/ CASCADES DE PALENQUE CHIAPAS<\/td>\n<\/tr>\n<tr style=\"height: 24px;\">\n<td style=\"padding-left: 5px; width: 2.11707%;\">J 10<\/td>\n<td style=\"padding-left: 5px; width: 1.10325%;\">04\/08<\/td>\n<td style=\"padding-left: 5px; width: 85.0125%;\">PALENQUE \u2013 VILLAHERMOSA \/ VOL INTERIEUR POUR MEXICO<\/td>\n<\/tr>\n<tr style=\"height: 24px;\">\n<td style=\"padding-left: 5px; width: 2.11707%;\">J 11<\/td>\n<td style=\"padding-left: 5px; width: 1.10325%;\">05\/08<\/td>\n<td style=\"padding-left: 5px; width: 85.0125%;\">PYRAMIDES TEOTIHUACAN<\/td>\n<\/tr>\n<tr style=\"height: 24px;\">\n<td style=\"padding-left: 5px; width: 2.11707%;\">J 12<\/td>\n<td style=\"padding-left: 5px; width: 1.10325%;\">06\/08<\/td>\n<td style=\"padding-left: 5px; width: 85.0125%;\">EXCURSION MEXICO, ZOCALO, MARCH\u00c9 ARTISANAL\/ FIN DU VOYAGE<\/td>\n<\/tr>\n<\/tbody>\n<\/table>\n<p>Merci de cliquer sur les liens suivants Pour consulter :<br \/>\n<span style=\"color: #0000ff;\"><a style=\"color: #0000ff;\" href=\"https:\/\/www.panorama-tourisme.fr\/wp-content\/uploads\/2026\/02\/Programme-initiatique-Mexique-Ancestral.pdf\" target=\"_blank\" rel=\"noopener\">Le programme d\u00e9taill\u00e9 et liste des h\u00f4tels<\/a><\/span><br \/>\n<span style=\"color: #0000ff;\"><a style=\"color: #0000ff;\" href=\"https:\/\/www.panorama-tourisme.fr\/index.php\/conditions-generales-et-particulieres-des-ventes\/\" target=\"_blank\" rel=\"noopener\">Nos conditions g\u00e9n\u00e9rales et particuli\u00e8res de voyages<\/a><\/span><br \/>\n<span style=\"color: #0000ff;\"><a style=\"color: #0000ff;\" href=\"https:\/\/www.panorama-tourisme.fr\/wp-content\/uploads\/2026\/03\/BI-voyage-Mexique-Ancestral.pdf\" target=\"_blank\" rel=\"noopener\">Bulletin d&rsquo;inscription<\/a><\/span><br \/>\n<span style=\"color: #0000ff;\"><a style=\"color: #0000ff;\" href=\"https:\/\/public.assurever.com\/document\/cgs\/FR\/202504PQ1.pdf\">Conditions de l&rsquo;Assurance Privil\u00e8ges Vacances <\/a><\/span><\/p>\n","protected":false},"excerpt":{"rendered":"<p>Voyage Initiatique Mexique Ancestral en compagnie de Joseph Aguilar-Dumont. Du 26\/07 au 06\/08 &#8211; 12 jours 11 nuits. Etapes : Jour Date Itin\u00e9raire J 1 26\/07 RENDEZ VOUS A TULUM J 2 27\/07 TULUM RITUEL ET BAIGNADE J 3 28\/07 JOURNEE PRATIQUES TRANSPERSONNELLES J 4 29\/07 JOURNEE TEMAZCAL ET SOBADAS MAYAS J 5 30\/07 EXCURSION [&hellip;]<\/p>\n","protected":false},"featured_media":1046,"template":"","meta":{"_themeisle_gutenberg_block_has_review":false},"product_brand":[],"product_cat":[84],"product_tag":[],"class_list":{"0":"post-1127","1":"product","2":"type-product","3":"status-publish","4":"has-post-thumbnail","6":"product_cat-mexique","8":"first","9":"instock","10":"virtual","11":"purchasable","12":"product-type-simple"},"jetpack_sharing_enabled":true,"_links":{"self":[{"href":"https:\/\/www.panorama-tourisme.fr\/index.php\/wp-json\/wp\/v2\/product\/1127","targetHints":{"allow":["GET"]}}],"collection":[{"href":"https:\/\/www.panorama-tourisme.fr\/index.php\/wp-json\/wp\/v2\/product"}],"about":[{"href":"https:\/\/www.panorama-tourisme.fr\/index.php\/wp-json\/wp\/v2\/types\/product"}],"wp:featuredmedia":[{"embeddable":true,"href":"https:\/\/www.panorama-tourisme.fr\/index.php\/wp-json\/wp\/v2\/media\/1046"}],"wp:attachment":[{"href":"https:\/\/www.panorama-tourisme.fr\/index.php\/wp-json\/wp\/v2\/media?parent=1127"}],"wp:term":[{"taxonomy":"product_brand","embeddable":true,"href":"https:\/\/www.panorama-tourisme.fr\/index.php\/wp-json\/wp\/v2\/product_brand?post=1127"},{"taxonomy":"product_cat","embeddable":true,"href":"https:\/\/www.panorama-tourisme.fr\/index.php\/wp-json\/wp\/v2\/product_cat?post=1127"},{"taxonomy":"product_tag","embeddable":true,"href":"https:\/\/www.panorama-tourisme.fr\/index.php\/wp-json\/wp\/v2\/product_tag?post=1127"}],"curies":[{"name":"wp","href":"https:\/\/api.w.org\/{rel}","templated":true}]}}