{"id":21,"date":"2024-07-23T16:13:12","date_gmt":"2024-07-23T14:13:12","guid":{"rendered":"https:\/\/www.panorama-tourisme.fr\/?page_id=21"},"modified":"2025-11-12T19:56:56","modified_gmt":"2025-11-12T18:56:56","slug":"contact","status":"publish","type":"page","link":"https:\/\/www.panorama-tourisme.fr\/index.php\/contact\/","title":{"rendered":"Contact"},"content":{"rendered":"\n<div class=\"wp-block-group alignfull has-accent-background-color has-background is-layout-constrained wp-container-core-group-is-layout-7161298f wp-block-group-is-layout-constrained\" style=\"margin-top:0;margin-bottom:0;padding-top:var(--wp--preset--spacing--50);padding-right:var(--wp--preset--spacing--50);padding-bottom:var(--wp--preset--spacing--50);padding-left:var(--wp--preset--spacing--50)\">\n<div class=\"wp-block-columns alignwide is-layout-flex wp-container-core-columns-is-layout-1da03c2a wp-block-columns-is-layout-flex\">\n<div class=\"wp-block-column is-vertically-aligned-stretch is-layout-flow wp-block-column-is-layout-flow\" style=\"flex-basis:50%\">\n<div class=\"wp-block-group is-vertical is-content-justification-stretch is-layout-flex wp-container-core-group-is-layout-444d5ee8 wp-block-group-is-layout-flex\" style=\"min-height:100%\">\n<div class=\"wp-block-group is-content-justification-left is-layout-constrained wp-container-core-group-is-layout-9fe8ed88 wp-block-group-is-layout-constrained\">\n<p class=\"wp-container-content-0733e5d0\"><\/p>\n<\/div>\n<\/div>\n<\/div>\n\n\n\n<div class=\"wp-block-column is-vertically-aligned-center is-layout-flow wp-block-column-is-layout-flow\" style=\"flex-basis:50%\"><\/div>\n<\/div>\n\n\n\n<div class=\"wp-block-columns alignwide is-layout-flex wp-container-core-columns-is-layout-28f84493 wp-block-columns-is-layout-flex\">\n<div class=\"wp-block-column has-border-color has-ti-accent-border-color has-ti-bg-alt-background-color has-background is-layout-flow wp-block-column-is-layout-flow\" style=\"border-style:dotted;border-width:1px;padding-top:var(--wp--preset--spacing--20);padding-right:var(--wp--preset--spacing--50);padding-bottom:var(--wp--preset--spacing--30);padding-left:var(--wp--preset--spacing--50);flex-basis:300px\">\n<div id=\"wp-block-themeisle-blocks-font-awesome-icons-a1d7182c\" class=\"wp-block-themeisle-blocks-font-awesome-icons\"><span class=\"wp-block-themeisle-blocks-font-awesome-icons-container\"><i class=\"fas fa-map-marked-alt\"><\/i><\/span><\/div>\n\n\n\n<p class=\"has-text-align-center\"><strong>A l&rsquo;agence<\/strong><\/p>\n\n\n\n<p>1, Place Mendes France \u00e0 Castelnau-le-Lez<\/p>\n\n\n\n<p>Nous sommes ouverts du lundi au samedi, de 9h \u00e0 12h30 et de 14h \u00e0 18h30.<\/p>\n<\/div>\n\n\n\n<div class=\"wp-block-column has-border-color has-ti-accent-border-color has-ti-bg-alt-background-color has-background is-layout-flow wp-block-column-is-layout-flow\" style=\"border-style:dotted;border-width:1px;padding-top:var(--wp--preset--spacing--20);padding-right:var(--wp--preset--spacing--50);padding-bottom:var(--wp--preset--spacing--50);padding-left:var(--wp--preset--spacing--50);flex-basis:300px\">\n<div id=\"wp-block-themeisle-blocks-font-awesome-icons-ecce111e\" class=\"wp-block-themeisle-blocks-font-awesome-icons\"><span class=\"wp-block-themeisle-blocks-font-awesome-icons-container\"><i class=\"fas fa-headphones\"><\/i><\/span><\/div>\n\n\n\n<p class=\"has-text-align-center\"><strong>Par t\u00e9l\u00e9phone<\/strong><\/p>\n\n\n\n<p>Au 04 67 02 64 10<\/p>\n\n\n\n<p>Nous vous r\u00e9pondrons avec plaisir du lundi au samedi, de 9h \u00e0 12h30 et de 14h \u00e0 18h30.<\/p>\n<\/div>\n\n\n\n<div class=\"wp-block-column has-border-color has-ti-accent-border-color has-ti-bg-alt-background-color has-background is-layout-flow wp-block-column-is-layout-flow\" style=\"border-style:dotted;border-width:1px;padding-top:var(--wp--preset--spacing--20);padding-right:var(--wp--preset--spacing--50);padding-bottom:var(--wp--preset--spacing--50);padding-left:var(--wp--preset--spacing--50);flex-basis:300px\">\n<div id=\"wp-block-themeisle-blocks-font-awesome-icons-6fd31081\" class=\"wp-block-themeisle-blocks-font-awesome-icons\"><span class=\"wp-block-themeisle-blocks-font-awesome-icons-container\"><i class=\"fas fa-at\"><\/i><\/span><\/div>\n\n\n\n<p class=\"has-text-align-center\"><strong>Par email<\/strong><\/p>\n\n\n\n<p><a href=\"mailto:agence@panorama-tourisme.fr\">agence@panorama-tourisme.fr<\/a><\/p>\n\n\n\n<p>Merci de donner le plus de d\u00e9tails possibles dans votre email quant \u00e0 votre demande<\/p>\n<\/div>\n<\/div>\n\n\n\n\n<\/div>\n\n\n\n<div class=\"wp-block-group alignfull is-layout-constrained wp-block-group-is-layout-constrained\">\n<h2 class=\"wp-block-heading has-text-align-center\">Formulaire de contact<\/h2>\n\n\n\n<div class=\"wp-block-group alignfull has-base-background-color has-background is-layout-constrained wp-container-core-group-is-layout-d89aad35 wp-block-group-is-layout-constrained\" style=\"margin-top:0;margin-bottom:0;padding-top:var(--wp--preset--spacing--50);padding-right:var(--wp--preset--spacing--50);padding-bottom:var(--wp--preset--spacing--50);padding-left:var(--wp--preset--spacing--50)\">\n<div class=\"wp-block-columns alignwide is-layout-flex wp-container-core-columns-is-layout-549b0c86 wp-block-columns-is-layout-flex\">\n<div class=\"wp-block-column is-content-justification-left is-layout-constrained wp-container-core-column-is-layout-4f15e8fe wp-block-column-is-layout-constrained\" style=\"flex-basis:40%\">\n<p>Vous pouvez \u00e9galement remplir le formulaire ci-contre pour nous faire part de votre projet de voyage.<\/p>\n\n\n\n<p>Nous nous ferons un plaisir de revenir vers vous avec une proposition sur-mesure.<\/p>\n<\/div>\n\n\n\n<div class=\"wp-block-column is-layout-flow wp-container-core-column-is-layout-119bc444 wp-block-column-is-layout-flow\" style=\"flex-basis:60%\">\n<div id=\"wp-block-themeisle-blocks-form-86bfd33f\" class=\"wp-block-themeisle-blocks-form\" data-option-name=\"bf9b28ff82ce323187abc5d0feb0d8f07ecd8436_86bfd33f\"><form class=\"otter-form__container\">\n<div id=\"wp-block-themeisle-blocks-form-input-14a954da\" class=\"wp-block-themeisle-blocks-form-input\"><label for=\"wp-block-themeisle-blocks-form-input-14a954da-input\" class=\"otter-form-input-label\"><span class=\"otter-form-input-label__label\">Votre nom<\/span><span class=\"required\">*<\/span><\/label><input type=\"text\" id=\"wp-block-themeisle-blocks-form-input-14a954da-input\" required class=\"otter-form-input\"\/><\/div>\n\n\n\n<div id=\"wp-block-themeisle-blocks-form-input-a68bfc31\" class=\"wp-block-themeisle-blocks-form-input\"><label for=\"wp-block-themeisle-blocks-form-input-a68bfc31-input\" class=\"otter-form-input-label\"><span class=\"otter-form-input-label__label\">Votre adresse email<\/span><span class=\"required\">*<\/span><\/label><input type=\"email\" id=\"wp-block-themeisle-blocks-form-input-a68bfc31-input\" required class=\"otter-form-input\"\/><\/div>\n\n\n<div class=\"protection\" aria-hidden=\"true\"><input type=\"hidden\" id=\"wp-block-themeisle-blocks-form-86bfd33f_nonce_field\" name=\"wp-block-themeisle-blocks-form-86bfd33f_nonce_field\" value=\"16c7723cb4\" \/><input type=\"hidden\" name=\"_wp_http_referer\" value=\"\/index.php\/wp-json\/wp\/v2\/pages\/21\" \/><input class=\"o-anti-bot\" type=\"checkbox\"><\/div>\n\n\n<div id=\"wp-block-themeisle-blocks-form-textarea-463bea67\" class=\"wp-block-themeisle-blocks-form-input\"><label for=\"wp-block-themeisle-blocks-form-textarea-463bea67-input\" class=\"otter-form-input-label\"><span class=\"otter-form-input-label__label\">Votre num\u00e9ro de t\u00e9l\u00e9phone<\/span><span class=\"required\">*<\/span><\/label><input type=\"number\" id=\"wp-block-themeisle-blocks-form-textarea-463bea67-input\" required class=\"otter-form-input\"\/><\/div>\n\n\n\n<div id=\"wp-block-themeisle-blocks-form-input-b49117f4\" class=\"wp-block-themeisle-blocks-form-input\"><label for=\"wp-block-themeisle-blocks-form-input-b49117f4-input\" class=\"otter-form-input-label\"><span class=\"otter-form-input-label__label\">Votre destination<\/span><span class=\"required\">*<\/span><\/label><input type=\"text\" id=\"wp-block-themeisle-blocks-form-input-b49117f4-input\" required class=\"otter-form-input\"\/><\/div>\n\n\n\n<div id=\"wp-block-themeisle-blocks-form-input-459be98e\" class=\"wp-block-themeisle-blocks-form-input\"><label for=\"wp-block-themeisle-blocks-form-input-459be98e-input\" class=\"otter-form-input-label\"><span class=\"otter-form-input-label__label\">Dur\u00e9e souhait\u00e9e de votre voyage (en jours)<\/span><span class=\"required\">*<\/span><\/label><input type=\"number\" id=\"wp-block-themeisle-blocks-form-input-459be98e-input\" required class=\"otter-form-input\"\/><\/div>\n\n\n\n<div id=\"wp-block-themeisle-blocks-form-input-c65f827d\" class=\"wp-block-themeisle-blocks-form-input\"><label for=\"wp-block-themeisle-blocks-form-input-c65f827d-input\" class=\"otter-form-input-label\"><span class=\"otter-form-input-label__label\">Date de d\u00e9part (m\u00eame approximative)<\/span><span class=\"required\">*<\/span><\/label><input type=\"date\" id=\"wp-block-themeisle-blocks-form-input-c65f827d-input\" required class=\"otter-form-input\"\/><\/div>\n\n\n\n<div id=\"wp-block-themeisle-blocks-form-input-53e6c38f\" class=\"wp-block-themeisle-blocks-form-input\"><label for=\"wp-block-themeisle-blocks-form-input-53e6c38f-input\" class=\"otter-form-input-label\"><span class=\"otter-form-input-label__label\">Nombre de voyageurs (pr\u00e9cisez le nombre d&rsquo;enfants)<\/span><span class=\"required\">*<\/span><\/label><input type=\"text\" id=\"wp-block-themeisle-blocks-form-input-53e6c38f-input\" required class=\"otter-form-input\" value=\"0\"\/><\/div>\n\n\n\n<div id=\"wp-block-themeisle-blocks-form-input-9ac7ca77\" class=\"wp-block-themeisle-blocks-form-input\"><label for=\"wp-block-themeisle-blocks-form-input-9ac7ca77-input\" class=\"otter-form-input-label\"><span class=\"otter-form-input-label__label\">Votre budget (par personne)<\/span><span class=\"required\">*<\/span><\/label><input type=\"text\" id=\"wp-block-themeisle-blocks-form-input-9ac7ca77-input\" required class=\"otter-form-input\" value=\"0.00\"\/><\/div>\n\n\n\n<p class=\"has-extra-small-font-size\">Pour cr\u00e9er votre voyage sur-mesure, nous avons besoin d&rsquo;en savoir plus sur vous : ce que vous aimez, quelles sont vos envies, vos pr\u00e9f\u00e9rences, ce que vous n&rsquo;aimez pas. Essayez d&rsquo;\u00eatre le plus complet possible pour que nous puissions cerner au mieux votre profil de voyageur.<\/p>\n\n\n\n<div id=\"wp-block-themeisle-blocks-form-input-3615dd57\" class=\"wp-block-themeisle-blocks-form-textarea\"><label for=\"wp-block-themeisle-blocks-form-input-3615dd57-input\" class=\"otter-form-textarea-label\"><span class=\"otter-form-textarea-label__label\">Parlez-nous de votre projet de voyage :<\/span><span class=\"required\">*<\/span><\/label><textarea id=\"wp-block-themeisle-blocks-form-input-3615dd57-input\" required rows=\"10\" class=\"otter-form-textarea-input\"><\/textarea><\/div>\n<div class=\"wp-block-button o-center\"><button class=\"wp-block-button__link\" type=\"submit\">Submit<\/button><\/div><\/form><\/div>\n<\/div>\n<\/div>\n<\/div>\n<\/div>\n\n\n\n\n","protected":false},"excerpt":{"rendered":"<p>A l&rsquo;agence 1, Place Mendes France \u00e0 Castelnau-le-Lez Nous sommes ouverts du lundi au samedi, de 9h \u00e0 12h30 et de 14h \u00e0 18h30. Par t\u00e9l\u00e9phone Au 04 67 02 64 10 Nous vous r\u00e9pondrons avec plaisir du lundi au samedi, de 9h \u00e0 12h30 et de 14h \u00e0 18h30. Par email agence@panorama-tourisme.fr Merci de [&hellip;]<\/p>\n","protected":false},"author":1,"featured_media":0,"parent":0,"menu_order":0,"comment_status":"closed","ping_status":"closed","template":"contact","meta":{"_themeisle_gutenberg_block_has_review":false,"footnotes":""},"class_list":["post-21","page","type-page","status-publish","hentry"],"jetpack_sharing_enabled":true,"_links":{"self":[{"href":"https:\/\/www.panorama-tourisme.fr\/index.php\/wp-json\/wp\/v2\/pages\/21","targetHints":{"allow":["GET"]}}],"collection":[{"href":"https:\/\/www.panorama-tourisme.fr\/index.php\/wp-json\/wp\/v2\/pages"}],"about":[{"href":"https:\/\/www.panorama-tourisme.fr\/index.php\/wp-json\/wp\/v2\/types\/page"}],"author":[{"embeddable":true,"href":"https:\/\/www.panorama-tourisme.fr\/index.php\/wp-json\/wp\/v2\/users\/1"}],"replies":[{"embeddable":true,"href":"https:\/\/www.panorama-tourisme.fr\/index.php\/wp-json\/wp\/v2\/comments?post=21"}],"version-history":[{"count":26,"href":"https:\/\/www.panorama-tourisme.fr\/index.php\/wp-json\/wp\/v2\/pages\/21\/revisions"}],"predecessor-version":[{"id":1066,"href":"https:\/\/www.panorama-tourisme.fr\/index.php\/wp-json\/wp\/v2\/pages\/21\/revisions\/1066"}],"wp:attachment":[{"href":"https:\/\/www.panorama-tourisme.fr\/index.php\/wp-json\/wp\/v2\/media?parent=21"}],"curies":[{"name":"wp","href":"https:\/\/api.w.org\/{rel}","templated":true}]}}